{"id":2047,"date":"2024-01-09T09:12:12","date_gmt":"2024-01-09T08:12:12","guid":{"rendered":"https:\/\/www.hotelregenceetoile.com\/new\/reunion-hotel-regence-etoile-paris\/"},"modified":"2024-05-31T09:33:44","modified_gmt":"2024-05-31T07:33:44","slug":"sala-de-reuniones-hotel-regence-etoile-paris","status":"publish","type":"page","link":"https:\/\/www.hotelregenceetoile.com\/es\/sala-de-reuniones-hotel-regence-etoile-paris\/","title":{"rendered":"Salles de r\u00e9unions"},"content":{"rendered":"\n\t<section class=\"section\" id=\"section_1350265413\">\n\t\t<div class=\"bg section-bg fill bg-fill  bg-loaded\" >\n\n\t\t\t\n\t\t\t\n\t\t\t\n\n\t\t<\/div>\n\n\t\t\n\n\t\t<div class=\"section-content relative\">\n\t\t\t\n\n<div class=\"row row-collapse row-full-width\"  id=\"row-532506465\">\n\n\n\t<div id=\"col-141738429\" class=\"col small-12 large-12\"  data-animate=\"fadeInUp\">\n\t\t\t\t<div class=\"col-inner\"  >\n\t\t\t\n\t\t\t\n\n<div class=\"slider-wrapper relative\" id=\"slider-1465009167\" >\n    <div class=\"slider slider-type-fade slider-nav-circle slider-nav-large slider-nav-light slider-style-normal\"\n        data-flickity-options='{\n            \"cellAlign\": \"center\",\n            \"imagesLoaded\": true,\n            \"lazyLoad\": 1,\n            \"freeScroll\": false,\n            \"wrapAround\": true,\n            \"autoPlay\": 6000,\n            \"pauseAutoPlayOnHover\" : true,\n            \"prevNextButtons\": true,\n            \"contain\" : true,\n            \"adaptiveHeight\" : true,\n            \"dragThreshold\" : 10,\n            \"percentPosition\": true,\n            \"pageDots\": false,\n            \"rightToLeft\": false,\n            \"draggable\": true,\n            \"selectedAttraction\": 0.1,\n            \"parallax\" : 0,\n            \"friction\": 0.6        }'\n        >\n        \n\n\n  <div class=\"banner has-hover is-full-height\" id=\"banner-965589961\">\n          <div class=\"banner-inner fill\">\n        <div class=\"banner-bg fill\" >\n            <div class=\"bg fill bg-fill \"><\/div>\n                                    \n                    <\/div>\n\t\t\n        <div class=\"banner-layers container\">\n            <div class=\"fill banner-link\"><\/div>            \n\n   <div id=\"text-box-285281157\" class=\"text-box banner-layer x50 md-x50 lg-x50 y50 md-y50 lg-y50 res-text\">\n                                <div class=\"text-box-content text dark\">\n              \n              <div class=\"text-inner text-center\">\n                  \n\n<h1 style=\"color:#fff;\">SALA DE REUNIONES<\/h1>\n\n\n              <\/div>\n           <\/div>\n                            \n<style>\n#text-box-285281157 {\n  width: 60%;\n}\n#text-box-285281157 .text-box-content {\n  font-size: 100%;\n}\n<\/style>\n    <\/div>\n \n\n        <\/div>\n      <\/div>\n\n            \n<style>\n#banner-965589961 {\n  padding-top: 56.25%;\n}\n#banner-965589961 .bg.bg-loaded {\n  background-image: url(https:\/\/www.hotelregenceetoile.com\/wp-content\/uploads\/2024\/05\/Cohen-REGENCE-ETOILE-10.jpg);\n}\n#banner-965589961 .ux-shape-divider--top svg {\n  height: 150px;\n  --divider-top-width: 100%;\n}\n#banner-965589961 .ux-shape-divider--bottom svg {\n  height: 150px;\n  --divider-width: 100%;\n}\n@media (min-width:850px) {\n  #banner-965589961 {\n    padding-top: 100%;\n  }\n}\n<\/style>\n  <\/div>\n\n\n\n  <div class=\"banner has-hover is-full-height\" id=\"banner-159237482\">\n          <div class=\"banner-inner fill\">\n        <div class=\"banner-bg fill\" >\n            <div class=\"bg fill bg-fill \"><\/div>\n                                    \n                    <\/div>\n\t\t\n        <div class=\"banner-layers container\">\n            <div class=\"fill banner-link\"><\/div>            \n\n   <div id=\"text-box-1831356405\" class=\"text-box banner-layer x50 md-x50 lg-x50 y50 md-y50 lg-y50 res-text\">\n                                <div class=\"text-box-content text dark\">\n              \n              <div class=\"text-inner text-center\">\n                  \n\n<h1 style=\"color:#fff;\">SALLE DE REUNION<\/h1>\n\n              <\/div>\n           <\/div>\n                            \n<style>\n#text-box-1831356405 {\n  width: 60%;\n}\n#text-box-1831356405 .text-box-content {\n  font-size: 100%;\n}\n<\/style>\n    <\/div>\n \n\n        <\/div>\n      <\/div>\n\n            \n<style>\n#banner-159237482 {\n  padding-top: 56.25%;\n}\n#banner-159237482 .bg.bg-loaded {\n  background-image: url(https:\/\/www.hotelregenceetoile.com\/wp-content\/uploads\/2024\/05\/Cohen-REGENCE-ETOILE-15.jpg);\n}\n#banner-159237482 .ux-shape-divider--top svg {\n  height: 150px;\n  --divider-top-width: 100%;\n}\n#banner-159237482 .ux-shape-divider--bottom svg {\n  height: 150px;\n  --divider-width: 100%;\n}\n@media (min-width:850px) {\n  #banner-159237482 {\n    padding-top: 100%;\n  }\n}\n<\/style>\n  <\/div>\n\n\n\n     <\/div>\n\n     <div class=\"loading-spin dark large centered\"><\/div>\n\n     \t<\/div>\n\n\n\n\t\t<\/div>\n\t\t\t\t\t<\/div>\n\n\t\n\n<\/div>\n\n\t\t<\/div>\n\n\t\t\n<style>\n#section_1350265413 {\n  padding-top: 0px;\n  padding-bottom: 0px;\n}\n#section_1350265413 .ux-shape-divider--top svg {\n  height: 150px;\n  --divider-top-width: 100%;\n}\n#section_1350265413 .ux-shape-divider--bottom svg {\n  height: 150px;\n  --divider-width: 100%;\n}\n<\/style>\n\t<\/section>\n\t\n<div class=\"resa-home\">\r\n<h3 class=\"avantages\">Mejor precio garantizado<\/h3>\r\n<form id=\"AVP\" method=\"post\" action=\"https:\/\/www.secure-hotel-booking.com\/Hotel-Regence-Etoile\/21CI\/search\" onsubmit=\"if(_gaq!=null)_gaq.push(['_linkByPost', this]);\" target=\"_blank\"><input type=\"hidden\" id=\"language\" name=\"language\" value=\"es\" \/><input type=\"hidden\" id=\"AVP_arrivalDate\" name=\"arrivalDate\" value=\"\" \/><input type=\"hidden\" id=\"AVP_nights\" name=\"nights\" value=\"\" \/><input type=\"hidden\" id=\"guestCountSelector\" name=\"guestCountSelector\" value=\"ReadOnly\" \/><\/p>\r\n<div class=\"input-resa-home\"><input id=\"date\" class=\"asDatePicker\" name=\"date-arrivee\" type=\"text\" placeholder=\"Fecha de llegada\" \/><i class=\"fa fa-calendar\"><\/i><\/div>\r\n<div class=\"input-resa-home\"><input id=\"date2\" class=\"asDatePicker\" name=\"date-depart\" type=\"text\" placeholder=\"Fecha de salida\" \/><i class=\"fa fa-calendar\"><\/i><\/div>\r\n<div class=\"input-resa-home\"><i class=\"fa fa-user\"><\/i><select id=\"selectedAdultCount\" name=\"selectedAdultCount\"><\/select><\/div>\r\n<div class=\"input-resa-home\"><input type=\"text\" id=\"rate\" name=\"rate\" value=\"\" placeholder=\"c\u00f3digo promocional\" onClick=\"javascript:value=''\" class=\"promo-code\" \/><\/div>\r\n<div class=\"input-resa-home\"><input type=\"submit\" value=\"Consultar disponibilidad\" onclick=\"validate();\" \/><\/div>\r\n<div class=\"cancel-resa\"><a href=\"https:\/\/www.secure-hotel-booking.com\/modification\/Hotel-Regence-Etoile\/21CI?language=fr\" target=\"_blank\" rel=\"noopener\">anular<\/a> <\/div>\r\n<p><script type=\"text\/javascript\" src=\"https:\/\/www.hotelregenceetoile.com\/availpro\/availpro.js\"><\/script><script src=\"https:\/\/www.hotelregenceetoile.com\/availpro\/jquery-ui.js\"><\/script><script src=\"https:\/\/www.hotelregenceetoile.com\/availpro\/i18n\/datepicker-es.js\"><\/script><link rel=\"stylesheet\" id=\"jquery-ui-css\" href=\"https:\/\/www.hotelregenceetoile.com\/availpro\/jquery-ui.css\" \/>\r\n<\/form>\r\n<\/div>\r\n<div class=\"trip\"><img decoding=\"async\" src=\"https:\/\/www.hotelregenceetoile.com\/wp-content\/uploads\/2025\/05\/tripadvisor-2025.jpg\"  alt=\"traveller choice 2025\" width=\"100\" height=\"auto\" \/><\/div>\n\n\t<section class=\"section\" id=\"section_1170734863\">\n\t\t<div class=\"bg section-bg fill bg-fill  bg-loaded\" >\n\n\t\t\t\n\t\t\t\n\t\t\t\n\t<div class=\"is-border\"\n\t\tstyle=\"border-width:0px 0px 0px 0px;\">\n\t<\/div>\n\n\t\t<\/div>\n\n\t\t\n\n\t\t<div class=\"section-content relative\">\n\t\t\t\n\n<div class=\"row\"  id=\"row-1084811563\">\n\n\n\t<div id=\"col-1129297536\" class=\"col small-12 large-12\"  >\n\t\t\t\t<div class=\"col-inner\"  >\n\t\t\t\n\t\t\t\n\n<p>A dos pasos del Arco del Triunfo y de la Avenida de los Campos El\u00edseos, el hotel R\u00e9gence Etoile **** pone a tu disposici\u00f3n su sala de reuniones climatizada, de 15m\u00b2 y con capacidad para hasta 15 personas. \u00a1Un lugar acogedor para que puedas reunirte con tus colaboradores!<\/p>\n<p>Se puede adaptar la distribuci\u00f3n de la sala en funci\u00f3n de tus necesidades y del n\u00famero de participantes. Alquiler por d\u00eda o por media jornada.<\/p>\n<p>Por favor cont\u00e1ctenos para cualquier solicitud por tel\u00e9fono al +33 1 58 05 42 42 o por correo electr\u00f3nico <a href=\"mailto:contact@hotelregenceetoile.com\">contact@hotelregenceetoile.com<\/a><\/p>\n<p>\u00a0<\/p>\n\n\t\t<\/div>\n\t\t\t\t\t<\/div>\n\n\t\n\n<\/div>\n<div class=\"row row-collapse row-full-width align-middle align-center\"  id=\"row-800586645\">\n\n\n\t<div id=\"col-301252773\" class=\"col medium-12 small-12 large-6\"  data-animate=\"fadeInLeft\">\n\t\t\t\t<div class=\"col-inner text-right\"  >\n\t\t\t\n\t\t\t\n\n<div class=\"wpb_raw_code wpb_content_element wpb_raw_html\">\n<div class=\"wpb_wrapper\">\n<div>\n<h2 style=\"text-align: left;\">EQUIPAMIENTOS<\/h2>\n<\/div>\n<\/div>\n<\/div>\n<div class=\"wpb_text_column wpb_content_element \">\n<div class=\"wpb_wrapper\">\n<ul style=\"text-align: left;\">\n<li><i class=\"fa fa-check\" style=\"color: #b89f80;\"><\/i> Pantalla TV de 109 cm y cable HDMI.<\/li>\n<li><i class=\"fa fa-check\" style=\"color: #b89f80;\"><\/i> Conexi\u00f3n a Internet Wifi.<\/li>\n<li><i class=\"fa fa-check\" style=\"color: #b89f80;\"><\/i> Libretas, papel y bol\u00edgrafos.<\/li>\n<li><i class=\"fa fa-check\" style=\"color: #b89f80;\"><\/i>Agua mineral.<\/li>\n<li><i class=\"fa fa-check\" style=\"color: #b89f80;\"><\/i> Cart\u00f3n.<\/li>\n<\/ul>\n<p style=\"text-align: left;\">Opciones:<\/p>\n<ul>\n<li style=\"text-align: left;\"><i class=\"fa fa-check\" style=\"color: #b89f80;\"><\/i> Bandeja de almuerzo previa reserva.<\/li>\n<li style=\"text-align: left;\"><i class=\"fa fa-check\" style=\"color: #b89f80;\"><\/i> Coffee break permanente bajo petici\u00f3n que incluye:<br \/>caf\u00e9s, t\u00e9s, zumos de frutas y boller\u00eda.<\/li>\n<\/ul>\n<\/div>\n<\/div>\n\n<a rel=\"noopener noreferrer\" href=\"https:\/\/www.hotelregenceetoile.com\/pdf\/salle-de-reunion-regence-etoile-paris.pdf\" target=\"_blank\" class=\"button secondary expand\"  >\n    <span>Descarga nuestro folleto<\/span>\n  <\/a>\n\n\n\n\t\t<\/div>\n\t\t\t\t\n<style>\n#col-301252773 > .col-inner {\n  padding: 30px 50px 30px 50px;\n  max-width: 550px;\n}\n@media (min-width:850px) {\n  #col-301252773 > .col-inner {\n    padding: 30px 50px 30px 50px;\n    max-width: 700px;\n  }\n}\n<\/style>\n\t<\/div>\n\n\t\n\n\t<div id=\"col-419453907\" class=\"col medium-12 small-12 large-6\"  data-animate=\"fadeInRight\">\n\t\t\t\t<div class=\"col-inner\"  >\n\t\t\t\n\t\t\t\n\n\t<div class=\"img has-hover x md-x lg-x y md-y lg-y\" id=\"image_819938647\">\n\t\t\t\t\t\t\t\t<div class=\"img-inner image-cover dark\" style=\"padding-top:75%;\">\n\t\t\t<img decoding=\"async\" width=\"1920\" height=\"1281\" src=\"https:\/\/www.hotelregenceetoile.com\/wp-content\/uploads\/2024\/05\/Cohen-REGENCE-ETOILE-10.jpg\" class=\"attachment-original size-original\" alt=\"\" srcset=\"https:\/\/www.hotelregenceetoile.com\/wp-content\/uploads\/2024\/05\/Cohen-REGENCE-ETOILE-10.jpg 1920w, https:\/\/www.hotelregenceetoile.com\/wp-content\/uploads\/2024\/05\/Cohen-REGENCE-ETOILE-10-300x200.jpg 300w, https:\/\/www.hotelregenceetoile.com\/wp-content\/uploads\/2024\/05\/Cohen-REGENCE-ETOILE-10-1024x683.jpg 1024w, https:\/\/www.hotelregenceetoile.com\/wp-content\/uploads\/2024\/05\/Cohen-REGENCE-ETOILE-10-768x512.jpg 768w, https:\/\/www.hotelregenceetoile.com\/wp-content\/uploads\/2024\/05\/Cohen-REGENCE-ETOILE-10-1536x1025.jpg 1536w\" sizes=\"(max-width: 1920px) 100vw, 1920px\" \/>\t\t\t\t\t\t\n\t\t\t\t\t<\/div>\n\t\t\t\t\t\t\t\t\n<style>\n#image_819938647 {\n  width: 100%;\n}\n<\/style>\n\t<\/div>\n\t\n\n\n\t\t<\/div>\n\t\t\t\t\n<style>\n#col-419453907 > .col-inner {\n  max-width: 700px;\n}\n<\/style>\n\t<\/div>\n\n\t\n\n<\/div>\n\n\t\t<\/div>\n\n\t\t\n<style>\n#section_1170734863 {\n  padding-top: 60px;\n  padding-bottom: 60px;\n  background-color: rgb(246, 246, 246);\n}\n#section_1170734863 .ux-shape-divider--top svg {\n  height: 150px;\n  --divider-top-width: 100%;\n}\n#section_1170734863 .ux-shape-divider--bottom svg {\n  height: 150px;\n  --divider-width: 100%;\n}\n<\/style>\n\t<\/section>\n\t\n\n","protected":false},"excerpt":{"rendered":"","protected":false},"author":1,"featured_media":0,"parent":0,"menu_order":0,"comment_status":"closed","ping_status":"closed","template":"page-transparent-header.php","meta":{"footnotes":""},"class_list":["post-2047","page","type-page","status-publish","hentry"],"aioseo_notices":[],"_links":{"self":[{"href":"https:\/\/www.hotelregenceetoile.com\/es\/wp-json\/wp\/v2\/pages\/2047","targetHints":{"allow":["GET"]}}],"collection":[{"href":"https:\/\/www.hotelregenceetoile.com\/es\/wp-json\/wp\/v2\/pages"}],"about":[{"href":"https:\/\/www.hotelregenceetoile.com\/es\/wp-json\/wp\/v2\/types\/page"}],"author":[{"embeddable":true,"href":"https:\/\/www.hotelregenceetoile.com\/es\/wp-json\/wp\/v2\/users\/1"}],"replies":[{"embeddable":true,"href":"https:\/\/www.hotelregenceetoile.com\/es\/wp-json\/wp\/v2\/comments?post=2047"}],"version-history":[{"count":2,"href":"https:\/\/www.hotelregenceetoile.com\/es\/wp-json\/wp\/v2\/pages\/2047\/revisions"}],"predecessor-version":[{"id":2351,"href":"https:\/\/www.hotelregenceetoile.com\/es\/wp-json\/wp\/v2\/pages\/2047\/revisions\/2351"}],"wp:attachment":[{"href":"https:\/\/www.hotelregenceetoile.com\/es\/wp-json\/wp\/v2\/media?parent=2047"}],"curies":[{"name":"wp","href":"https:\/\/api.w.org\/{rel}","templated":true}]}}