{"id":2045,"date":"2024-01-09T09:12:12","date_gmt":"2024-01-09T08:12:12","guid":{"rendered":"https:\/\/www.hotelregenceetoile.com\/new\/reunion-hotel-regence-etoile-paris\/"},"modified":"2024-06-03T09:21:06","modified_gmt":"2024-06-03T07:21:06","slug":"sala-de-reuniao-hotel-regence-etoile-paris","status":"publish","type":"page","link":"https:\/\/www.hotelregenceetoile.com\/pt-pt\/sala-de-reuniao-hotel-regence-etoile-paris\/","title":{"rendered":"Salles de r\u00e9unions"},"content":{"rendered":"\n\t<section class=\"section\" id=\"section_864881768\">\n\t\t<div class=\"bg section-bg fill bg-fill  bg-loaded\" >\n\n\t\t\t\n\t\t\t\n\t\t\t\n\n\t\t<\/div>\n\n\t\t\n\n\t\t<div class=\"section-content relative\">\n\t\t\t\n\n<div class=\"row row-collapse row-full-width\"  id=\"row-283612906\">\n\n\n\t<div id=\"col-1652004225\" class=\"col small-12 large-12\"  data-animate=\"fadeInUp\">\n\t\t\t\t<div class=\"col-inner\"  >\n\t\t\t\n\t\t\t\n\n<div class=\"slider-wrapper relative\" id=\"slider-1039097924\" >\n    <div class=\"slider slider-type-fade slider-nav-circle slider-nav-large slider-nav-light slider-style-normal\"\n        data-flickity-options='{\n            \"cellAlign\": \"center\",\n            \"imagesLoaded\": true,\n            \"lazyLoad\": 1,\n            \"freeScroll\": false,\n            \"wrapAround\": true,\n            \"autoPlay\": 6000,\n            \"pauseAutoPlayOnHover\" : true,\n            \"prevNextButtons\": true,\n            \"contain\" : true,\n            \"adaptiveHeight\" : true,\n            \"dragThreshold\" : 10,\n            \"percentPosition\": true,\n            \"pageDots\": false,\n            \"rightToLeft\": false,\n            \"draggable\": true,\n            \"selectedAttraction\": 0.1,\n            \"parallax\" : 0,\n            \"friction\": 0.6        }'\n        >\n        \n\n\n  <div class=\"banner has-hover is-full-height\" id=\"banner-438393132\">\n          <div class=\"banner-inner fill\">\n        <div class=\"banner-bg fill\" >\n            <div class=\"bg fill bg-fill \"><\/div>\n                                    \n                    <\/div>\n\t\t\n        <div class=\"banner-layers container\">\n            <div class=\"fill banner-link\"><\/div>            \n\n   <div id=\"text-box-740421412\" class=\"text-box banner-layer x50 md-x50 lg-x50 y50 md-y50 lg-y50 res-text\">\n                                <div class=\"text-box-content text dark\">\n              \n              <div class=\"text-inner text-center\">\n                  \n\n<h1 style=\"color:#fff;\">SALA DE REUNI\u00c3O<\/h1>\n\n\n              <\/div>\n           <\/div>\n                            \n<style>\n#text-box-740421412 {\n  width: 60%;\n}\n#text-box-740421412 .text-box-content {\n  font-size: 100%;\n}\n<\/style>\n    <\/div>\n \n\n        <\/div>\n      <\/div>\n\n            \n<style>\n#banner-438393132 {\n  padding-top: 56.25%;\n}\n#banner-438393132 .bg.bg-loaded {\n  background-image: url(https:\/\/www.hotelregenceetoile.com\/wp-content\/uploads\/2024\/05\/Cohen-REGENCE-ETOILE-10.jpg);\n}\n#banner-438393132 .ux-shape-divider--top svg {\n  height: 150px;\n  --divider-top-width: 100%;\n}\n#banner-438393132 .ux-shape-divider--bottom svg {\n  height: 150px;\n  --divider-width: 100%;\n}\n@media (min-width:850px) {\n  #banner-438393132 {\n    padding-top: 100%;\n  }\n}\n<\/style>\n  <\/div>\n\n\n\n  <div class=\"banner has-hover is-full-height\" id=\"banner-845287169\">\n          <div class=\"banner-inner fill\">\n        <div class=\"banner-bg fill\" >\n            <div class=\"bg fill bg-fill \"><\/div>\n                                    \n                    <\/div>\n\t\t\n        <div class=\"banner-layers container\">\n            <div class=\"fill banner-link\"><\/div>            \n\n   <div id=\"text-box-351681238\" class=\"text-box banner-layer x50 md-x50 lg-x50 y50 md-y50 lg-y50 res-text\">\n                                <div class=\"text-box-content text dark\">\n              \n              <div class=\"text-inner text-center\">\n                  \n\n<h1 style=\"color:#fff;\">SALLE DE REUNION<\/h1>\n\n              <\/div>\n           <\/div>\n                            \n<style>\n#text-box-351681238 {\n  width: 60%;\n}\n#text-box-351681238 .text-box-content {\n  font-size: 100%;\n}\n<\/style>\n    <\/div>\n \n\n        <\/div>\n      <\/div>\n\n            \n<style>\n#banner-845287169 {\n  padding-top: 56.25%;\n}\n#banner-845287169 .bg.bg-loaded {\n  background-image: url(https:\/\/www.hotelregenceetoile.com\/wp-content\/uploads\/2024\/05\/Cohen-REGENCE-ETOILE-15.jpg);\n}\n#banner-845287169 .ux-shape-divider--top svg {\n  height: 150px;\n  --divider-top-width: 100%;\n}\n#banner-845287169 .ux-shape-divider--bottom svg {\n  height: 150px;\n  --divider-width: 100%;\n}\n@media (min-width:850px) {\n  #banner-845287169 {\n    padding-top: 100%;\n  }\n}\n<\/style>\n  <\/div>\n\n\n\n     <\/div>\n\n     <div class=\"loading-spin dark large centered\"><\/div>\n\n     \t<\/div>\n\n\n\n\t\t<\/div>\n\t\t\t\t\t<\/div>\n\n\t\n\n<\/div>\n\n\t\t<\/div>\n\n\t\t\n<style>\n#section_864881768 {\n  padding-top: 0px;\n  padding-bottom: 0px;\n}\n#section_864881768 .ux-shape-divider--top svg {\n  height: 150px;\n  --divider-top-width: 100%;\n}\n#section_864881768 .ux-shape-divider--bottom svg {\n  height: 150px;\n  --divider-width: 100%;\n}\n<\/style>\n\t<\/section>\n\t\n<div class=\"resa-home\">\r\n<h3 class=\"avantages\">Melhor pre\u00e7o garantido<\/h3>\r\n<form id=\"AVP\" method=\"post\" action=\"https:\/\/www.secure-hotel-booking.com\/Hotel-Regence-Etoile\/21CI\/search\" onsubmit=\"if(_gaq!=null)_gaq.push(['_linkByPost', this]);\" target=\"_blank\"><input type=\"hidden\" id=\"language\" name=\"language\" value=\"pt\" \/><input type=\"hidden\" id=\"AVP_arrivalDate\" name=\"arrivalDate\" value=\"\" \/><input type=\"hidden\" id=\"AVP_nights\" name=\"nights\" value=\"\" \/><input type=\"hidden\" id=\"guestCountSelector\" name=\"guestCountSelector\" value=\"ReadOnly\" \/><\/p>\r\n<div class=\"input-resa-home\"><input id=\"date\" class=\"asDatePicker\" name=\"date-arrivee\" type=\"text\" placeholder=\"Data de chegada\" \/><i class=\"fa fa-calendar\"><\/i><\/div>\r\n<div class=\"input-resa-home\"><input id=\"date2\" class=\"asDatePicker\" name=\"date-depart\" type=\"text\" placeholder=\"Data de partida\" \/><i class=\"fa fa-calendar\"><\/i><\/div>\r\n<div class=\"input-resa-home\"><i class=\"fa fa-user\"><\/i><select id=\"selectedAdultCount\" name=\"selectedAdultCount\"><\/select><\/div>\r\n<div class=\"input-resa-home\"><input type=\"text\" id=\"rate\" name=\"rate\" value=\"\" placeholder=\"CODE PROMO\" onClick=\"javascript:value=''\" class=\"promo-code\" \/><\/div>\r\n<div class=\"input-resa-home\"><input type=\"submit\" value=\"Verificar disponibilidade\" onclick=\"validate();\" \/><\/div>\r\n<div class=\"cancel-resa\"><a href=\"https:\/\/www.secure-hotel-booking.com\/modification\/Hotel-Regence-Etoile\/21CI?language=pt\" target=\"_blank\" rel=\"noopener\">Cancelar<\/a> <\/div>\r\n<p><script type=\"text\/javascript\" src=\"https:\/\/www.hotelregenceetoile.com\/availpro\/availpro.js\"><\/script><script src=\"https:\/\/www.hotelregenceetoile.com\/availpro\/jquery-ui.js\"><\/script><script src=\"https:\/\/www.hotelregenceetoile.com\/availpro\/i18n\/datepicker-pt.js\"><\/script><link rel=\"stylesheet\" id=\"jquery-ui-css\" href=\"https:\/\/www.hotelregenceetoile.com\/availpro\/jquery-ui.css\" \/>\r\n<\/form>\r\n<\/div>\r\n<div class=\"trip\"><img decoding=\"async\" src=\"https:\/\/www.hotelregenceetoile.com\/wp-content\/uploads\/2025\/05\/tripadvisor-2025.jpg\"  alt=\"traveller choice 2025\" width=\"100\" height=\"auto\" \/><\/div>\n\n\t<section class=\"section\" id=\"section_1420767993\">\n\t\t<div class=\"bg section-bg fill bg-fill  bg-loaded\" >\n\n\t\t\t\n\t\t\t\n\t\t\t\n\t<div class=\"is-border\"\n\t\tstyle=\"border-width:0px 0px 0px 0px;\">\n\t<\/div>\n\n\t\t<\/div>\n\n\t\t\n\n\t\t<div class=\"section-content relative\">\n\t\t\t\n\n<div class=\"row\"  id=\"row-978709549\">\n\n\n\t<div id=\"col-128500067\" class=\"col small-12 large-12\"  >\n\t\t\t\t<div class=\"col-inner\"  >\n\t\t\t\n\t\t\t\n\n<p>A dois passos do Arco do Triunfo e da Avenue des Champs Elys\u00e9es, o\u00a0<strong>hotel R\u00e9gence Etoile\u00a0****<\/strong>\u00a0 disponibiliza aos seus clientes uma sala de reuni\u00e3o climatizada de 15m\u00b2 que pode acolher at\u00e9 15 pessoas. Um lugar aconchegante para reunir os seus colaboradores!<\/p>\n<p>Diferentes tipos de organiza\u00e7\u00e3o interior s\u00e3o poss\u00edveis, em fun\u00e7\u00e3o das suas necessidades e do n\u00famero de participantes. Possibilidade de alugar para um dia completo ou parcial.<\/p>\n<p>Entre em contato conosco para qualquer solicita\u00e7\u00e3o pelo telefone +33 1 58 05 42 42 ou por e-mail <a href=\"mailto:contact@hotelregenceetoile.com?subject=Demande%20de%20renseignement%20salle%20de%20r%C3%A9union\">contact@hotelregenceetoile.com<\/a><\/p>\n\n\t\t<\/div>\n\t\t\t\t\t<\/div>\n\n\t\n\n<\/div>\n<div class=\"row row-collapse row-full-width align-middle align-center\"  id=\"row-1364025842\">\n\n\n\t<div id=\"col-1969099347\" class=\"col medium-12 small-12 large-6\"  data-animate=\"fadeInLeft\">\n\t\t\t\t<div class=\"col-inner text-right\"  >\n\t\t\t\n\t\t\t\n\n<div class=\"wpb_raw_code wpb_content_element wpb_raw_html\">\n<div class=\"wpb_wrapper\">\n<div class=\"titre\">\n<h2 style=\"text-align: left;\">EQUIPAMENTOS<\/h2>\n<\/div>\n<\/div>\n<\/div>\n<div class=\"wpb_text_column wpb_content_element \">\n<div class=\"wpb_wrapper\">\n<ul style=\"text-align: left;\">\n<li><i class=\"fa fa-check\" style=\"color: #b89f80;\"><\/i> Ecr\u00e3 de TV de 109 cm e cabo HDMI.<\/li>\n<li><i class=\"fa fa-check\" style=\"color: #b89f80;\"><\/i> Conex\u00e3o \u00e0 Internet Wi-fi.<\/li>\n<li><i class=\"fa fa-check\" style=\"color: #b89f80;\"><\/i> Blocos de notas, papel e canetas.<\/li>\n<li><i class=\"fa fa-check\" style=\"color: #b89f80;\"><\/i> \u00c1gua mineral.<\/li>\n<li><i class=\"fa fa-check\" style=\"color: #b89f80;\"><\/i> Paperboard.<\/li>\n<\/ul>\n<p style=\"text-align: left;\">Op\u00e7\u00f5es:<\/p>\n<ul style=\"text-align: left;\">\n<li><i class=\"fa fa-check\" style=\"color: #b89f80;\"><\/i> Tabuleiro de almo\u00e7o mediante reserva.<\/li>\n<li><i class=\"fa fa-check\" style=\"color: #b89f80;\"><\/i> Pausa para caf\u00e9 permanente a pedido, que inclui:<br \/>\ncaf\u00e9s, ch\u00e1s, sumo de frutas e viennoiseries.<\/li>\n<\/ul>\n<\/div>\n<\/div>\n\n<a rel=\"noopener noreferrer\" href=\"https:\/\/www.hotelregenceetoile.com\/pdf\/salle-de-reunion-regence-etoile-paris.pdf\" target=\"_blank\" class=\"button secondary expand\"  >\n    <span>Descarregue a nossa brochura<\/span>\n  <\/a>\n\n\n\n\t\t<\/div>\n\t\t\t\t\n<style>\n#col-1969099347 > .col-inner {\n  padding: 30px 50px 30px 50px;\n  max-width: 550px;\n}\n@media (min-width:850px) {\n  #col-1969099347 > .col-inner {\n    padding: 30px 50px 30px 50px;\n    max-width: 700px;\n  }\n}\n<\/style>\n\t<\/div>\n\n\t\n\n\t<div id=\"col-2090668906\" class=\"col medium-12 small-12 large-6\"  data-animate=\"fadeInRight\">\n\t\t\t\t<div class=\"col-inner\"  >\n\t\t\t\n\t\t\t\n\n\t<div class=\"img has-hover x md-x lg-x y md-y lg-y\" id=\"image_1703743874\">\n\t\t\t\t\t\t\t\t<div class=\"img-inner image-cover dark\" style=\"padding-top:75%;\">\n\t\t\t<img decoding=\"async\" width=\"1920\" height=\"1281\" src=\"https:\/\/www.hotelregenceetoile.com\/wp-content\/uploads\/2024\/05\/Cohen-REGENCE-ETOILE-10.jpg\" class=\"attachment-original size-original\" alt=\"\" srcset=\"https:\/\/www.hotelregenceetoile.com\/wp-content\/uploads\/2024\/05\/Cohen-REGENCE-ETOILE-10.jpg 1920w, https:\/\/www.hotelregenceetoile.com\/wp-content\/uploads\/2024\/05\/Cohen-REGENCE-ETOILE-10-300x200.jpg 300w, https:\/\/www.hotelregenceetoile.com\/wp-content\/uploads\/2024\/05\/Cohen-REGENCE-ETOILE-10-1024x683.jpg 1024w, https:\/\/www.hotelregenceetoile.com\/wp-content\/uploads\/2024\/05\/Cohen-REGENCE-ETOILE-10-768x512.jpg 768w, https:\/\/www.hotelregenceetoile.com\/wp-content\/uploads\/2024\/05\/Cohen-REGENCE-ETOILE-10-1536x1025.jpg 1536w\" sizes=\"(max-width: 1920px) 100vw, 1920px\" \/>\t\t\t\t\t\t\n\t\t\t\t\t<\/div>\n\t\t\t\t\t\t\t\t\n<style>\n#image_1703743874 {\n  width: 100%;\n}\n<\/style>\n\t<\/div>\n\t\n\n\n\t\t<\/div>\n\t\t\t\t\n<style>\n#col-2090668906 > .col-inner {\n  max-width: 700px;\n}\n<\/style>\n\t<\/div>\n\n\t\n\n<\/div>\n\n\t\t<\/div>\n\n\t\t\n<style>\n#section_1420767993 {\n  padding-top: 60px;\n  padding-bottom: 60px;\n  background-color: rgb(246, 246, 246);\n}\n#section_1420767993 .ux-shape-divider--top svg {\n  height: 150px;\n  --divider-top-width: 100%;\n}\n#section_1420767993 .ux-shape-divider--bottom svg {\n  height: 150px;\n  --divider-width: 100%;\n}\n<\/style>\n\t<\/section>\n\t\n\n","protected":false},"excerpt":{"rendered":"","protected":false},"author":1,"featured_media":0,"parent":0,"menu_order":0,"comment_status":"closed","ping_status":"closed","template":"page-transparent-header.php","meta":{"footnotes":""},"class_list":["post-2045","page","type-page","status-publish","hentry"],"aioseo_notices":[],"_links":{"self":[{"href":"https:\/\/www.hotelregenceetoile.com\/pt-pt\/wp-json\/wp\/v2\/pages\/2045","targetHints":{"allow":["GET"]}}],"collection":[{"href":"https:\/\/www.hotelregenceetoile.com\/pt-pt\/wp-json\/wp\/v2\/pages"}],"about":[{"href":"https:\/\/www.hotelregenceetoile.com\/pt-pt\/wp-json\/wp\/v2\/types\/page"}],"author":[{"embeddable":true,"href":"https:\/\/www.hotelregenceetoile.com\/pt-pt\/wp-json\/wp\/v2\/users\/1"}],"replies":[{"embeddable":true,"href":"https:\/\/www.hotelregenceetoile.com\/pt-pt\/wp-json\/wp\/v2\/comments?post=2045"}],"version-history":[{"count":2,"href":"https:\/\/www.hotelregenceetoile.com\/pt-pt\/wp-json\/wp\/v2\/pages\/2045\/revisions"}],"predecessor-version":[{"id":2432,"href":"https:\/\/www.hotelregenceetoile.com\/pt-pt\/wp-json\/wp\/v2\/pages\/2045\/revisions\/2432"}],"wp:attachment":[{"href":"https:\/\/www.hotelregenceetoile.com\/pt-pt\/wp-json\/wp\/v2\/media?parent=2045"}],"curies":[{"name":"wp","href":"https:\/\/api.w.org\/{rel}","templated":true}]}}